{"id":360,"date":"2024-09-02T18:15:26","date_gmt":"2024-09-02T18:15:26","guid":{"rendered":"https:\/\/mwo.aushang.info\/?page_id=360"},"modified":"2024-09-02T18:15:27","modified_gmt":"2024-09-02T18:15:27","slug":"datenschutz","status":"publish","type":"page","link":"https:\/\/mwo.aushang.info\/index.php\/datenschutz\/","title":{"rendered":"Datenschutz"},"content":{"rendered":"<p>Name und Anschrift des Verantwortlichen<\/p><p>Der Verantwortliche im Sinne der Datenschutz-Grundverordnung und anderer nationaler Datenschutzgesetze der Mitgliedsstaaten sowie sonstiger datenschutzrechtlicher Bestimmungen ist:<\/p><p>Inhaber Cevat Yildiz<\/p><p>Sternstrasse 2<br>51645 Gummersbach<\/p><p>Telefon: 0171 3153949<br>E-Mail: info@meisterwerk-oberberg.de<\/p><p>Datenschutz\/Sicherheit<\/p><p>Meisterwerk Oberberg setzt technische und organisatorische Sicherheitsma\u00dfnahmen ein, um ihre durch uns verwalteten Daten gegen zuf\u00e4llige oder vors\u00e4tzliche Manipulationen, Verlust, Zerst\u00f6rung oder gegen den Zugriff unberechtigter Personen zu sch\u00fctzen. Unsere Sicherheitsma\u00dfnahmen werden entsprechend der technologischen Entwicklung fortlaufend verbessert.<\/p><p>Zugriffsdaten<\/p><p>Der Seitenprovider erhebt aufgrund unseres berechtigten Interesses Daten \u00fcber Zugriffe auf die Website und speichert diese als \u201eServer-Logfiles\u201c auf dem Server der Website ab. Eine Speicherung dieser Daten zusammen mit anderen personenbezogenen Daten des Nutzers findet nicht statt. Folgende Daten werden so protokolliert: Besuchte Website, Uhrzeit zum Zeitpunkt des Zugriffes, verwendeter Browser, verwendetes Betriebssystem und verwendete IP-Adresse.<\/p><p>Die Server-Logfiles werden f\u00fcr maximal 7 Tage gespeichert und anschlie\u00dfend gel\u00f6scht. Die Speicherung der Daten erfolgt aus Sicherheitsgr\u00fcnden, um z. B. Missbrauchsf\u00e4lle aufkl\u00e4ren zu k\u00f6nnen. M\u00fcssen Daten aus Beweisgr\u00fcnden aufgehoben werden, sind sie solange von der L\u00f6schung ausgenommen bis der Vorfall endg\u00fcltig gekl\u00e4rt ist.<\/p><p>Die Erfassung der Daten zur Bereitstellung der Website und die Speicherung der Daten in Logfiles ist f\u00fcr den Betrieb der Internetseite zwingend erforderlich. Es besteht folglich seitens des Nutzers keine Widerspruchsm\u00f6glichkeit.<\/p><p>Cookies<\/p><p>Unsere Webseite verwendet Cookies. Bei Cookies handelt es sich um Textdateien, die im Internetbrowser bzw. vom Internetbrowser auf dem Computersystem des Nutzers gespeichert werden. Ruft ein Nutzer eine Website auf, so kann ein Cookie auf dem Betriebssystem des Nutzers gespeichert werden. Dieser Cookie enth\u00e4lt eine charakteristische Zeichenfolge, die eine eindeutige Identifizierung des Browsers beim erneuten Aufrufen der Website erm\u00f6glicht.<\/p><p>Wir setzen Cookies ein, um unsere Website nutzerfreundlicher zu gestalten. Einige Elemente unserer Internetseite erfordern es, dass der aufrufende Browser auch nach einem Seitenwechsel identifiziert werden kann. In den Cookies werden dabei folgende Daten gespeichert und \u00fcbermittelt: Warenkorb und Log-In-Informationen.<\/p><p>Cookies werden auf dem Rechner des Nutzers gespeichert und von diesem an unserer Seite \u00fcbermittelt. Daher haben Sie als Nutzer auch die volle Kontrolle \u00fcber die Verwendung von Cookies. Durch eine \u00c4nderung der Einstellungen in Ihrem Internetbrowser k\u00f6nnen Sie die \u00dcbertragung von Cookies deaktivieren oder einschr\u00e4nken. Bereits gespeicherte Cookies k\u00f6nnen jederzeit gel\u00f6scht werden. Dies kann auch automatisiert erfolgen. Werden Cookies f\u00fcr unsere Website deaktiviert, k\u00f6nnen m\u00f6glicherweise nicht mehr alle Funktionen der Website vollumf\u00e4nglich genutzt werden.<\/p><p>Rechte des Nutzers<\/p><p>Sie haben als Nutzer das Recht, auf Antrag eine kostenlose Auskunft dar\u00fcber zu erhalten, welche personenbezogenen Daten \u00fcber Sie gespeichert wurden. Sie haben au\u00dferdem das Recht auf Berichtigung falscher Daten und auf die Verarbeitungseinschr\u00e4nkung oder L\u00f6schung Ihrer personenbezogenen Daten. Falls zutreffend, k\u00f6nnen Sie auch Ihr Recht auf Datenportabilit\u00e4t geltend machen. Sollten Sie annehmen, dass Ihre Daten unrechtm\u00e4\u00dfig verarbeitet wurden, k\u00f6nnen Sie eine Beschwerde bei der zust\u00e4ndigen Aufsichtsbeh\u00f6rde einreichen.<\/p><p>L\u00f6schung von Daten<\/p><p>Sofern Ihr Wunsch nicht mit einer gesetzlichen Pflicht zur Aufbewahrung von Daten (z. B. Vorratsdatenspeicherung) kollidiert, haben Sie ein Anrecht auf L\u00f6schung Ihrer Daten. Von uns gespeicherte Daten werden, sollten sie f\u00fcr ihre Zweckbestimmung nicht mehr vonn\u00f6ten sein und es keine gesetzlichen Aufbewahrungsfristen geben, gel\u00f6scht. Falls eine L\u00f6schung nicht durchgef\u00fchrt werden kann, da die Daten f\u00fcr zul\u00e4ssige gesetzliche Zwecke erforderlich sind, erfolgt eine Einschr\u00e4nkung der Datenverarbeitung. In diesem Fall werden die Daten gesperrt und nicht f\u00fcr andere Zwecke verarbeitet.<\/p><p>Widerspruchsrecht<\/p><p>Nutzer dieser Webseite k\u00f6nnen von ihrem Widerspruchsrecht Gebrauch machen und der Verarbeitung ihrer personenbezogenen Daten zu jeder Zeit widersprechen.<\/p><p>Wenn Sie eine Berichtigung, Sperrung, L\u00f6schung oder Auskunft \u00fcber die zu Ihrer Person gespeicherten personenbezogenen Daten w\u00fcnschen oder Fragen bzgl. der Erhebung, Verarbeitung oder Verwendung Ihrer personenbezogenen Daten haben oder erteilte Einwilligungen widerrufen m\u00f6chten, wenden Sie sich bitte an folgende E-Mail-Adresse: info@meisterwerk-oberberg.de<\/p>","protected":false},"excerpt":{"rendered":"<p>Name und Anschrift des Verantwortlichen Der Verantwortliche im Sinne der Datenschutz-Grundverordnung und anderer nationaler Datenschutzgesetze der Mitgliedsstaaten sowie sonstiger datenschutzrechtlicher <a class=\"more-link\" href=\"https:\/\/mwo.aushang.info\/index.php\/datenschutz\/\">weiterlesen&#8230;<\/a><\/p>\n","protected":false},"author":1,"featured_media":0,"parent":0,"menu_order":0,"comment_status":"closed","ping_status":"closed","template":"","meta":{"footnotes":""},"class_list":["post-360","page","type-page","status-publish","hentry"],"yoast_head":"<!-- This site is optimized with the Yoast SEO plugin v23.3 - https:\/\/yoast.com\/wordpress\/plugins\/seo\/ -->\n<title>Datenschutz - WordPress-Website<\/title>\n<meta name=\"robots\" content=\"index, follow, max-snippet:-1, max-image-preview:large, max-video-preview:-1\" \/>\n<link rel=\"canonical\" href=\"https:\/\/mwo.aushang.info\/index.php\/datenschutz\/\" \/>\n<meta property=\"og:locale\" content=\"de_DE\" \/>\n<meta property=\"og:type\" content=\"article\" \/>\n<meta property=\"og:title\" content=\"Datenschutz - WordPress-Website\" \/>\n<meta property=\"og:description\" content=\"Name und Anschrift des Verantwortlichen Der Verantwortliche im Sinne der Datenschutz-Grundverordnung und anderer nationaler Datenschutzgesetze der Mitgliedsstaaten sowie sonstiger datenschutzrechtlicher weiterlesen...\" \/>\n<meta property=\"og:url\" content=\"https:\/\/mwo.aushang.info\/index.php\/datenschutz\/\" \/>\n<meta property=\"og:site_name\" content=\"WordPress-Website\" \/>\n<meta property=\"article:modified_time\" content=\"2024-09-02T18:15:27+00:00\" \/>\n<meta name=\"twitter:card\" content=\"summary_large_image\" \/>\n<meta name=\"twitter:label1\" content=\"Gesch\u00e4tzte Lesezeit\" \/>\n\t<meta name=\"twitter:data1\" content=\"4\u00a0Minuten\" \/>\n<script type=\"application\/ld+json\" class=\"yoast-schema-graph\">{\"@context\":\"https:\/\/schema.org\",\"@graph\":[{\"@type\":\"WebPage\",\"@id\":\"https:\/\/mwo.aushang.info\/index.php\/datenschutz\/\",\"url\":\"https:\/\/mwo.aushang.info\/index.php\/datenschutz\/\",\"name\":\"Datenschutz - WordPress-Website\",\"isPartOf\":{\"@id\":\"https:\/\/mwo.aushang.info\/#website\"},\"datePublished\":\"2024-09-02T18:15:26+00:00\",\"dateModified\":\"2024-09-02T18:15:27+00:00\",\"breadcrumb\":{\"@id\":\"https:\/\/mwo.aushang.info\/index.php\/datenschutz\/#breadcrumb\"},\"inLanguage\":\"de\",\"potentialAction\":[{\"@type\":\"ReadAction\",\"target\":[\"https:\/\/mwo.aushang.info\/index.php\/datenschutz\/\"]}]},{\"@type\":\"BreadcrumbList\",\"@id\":\"https:\/\/mwo.aushang.info\/index.php\/datenschutz\/#breadcrumb\",\"itemListElement\":[{\"@type\":\"ListItem\",\"position\":1,\"name\":\"Startseite\",\"item\":\"https:\/\/mwo.aushang.info\/\"},{\"@type\":\"ListItem\",\"position\":2,\"name\":\"Datenschutz\"}]},{\"@type\":\"WebSite\",\"@id\":\"https:\/\/mwo.aushang.info\/#website\",\"url\":\"https:\/\/mwo.aushang.info\/\",\"name\":\"WordPress-Website\",\"description\":\"\",\"publisher\":{\"@id\":\"https:\/\/mwo.aushang.info\/#organization\"},\"potentialAction\":[{\"@type\":\"SearchAction\",\"target\":{\"@type\":\"EntryPoint\",\"urlTemplate\":\"https:\/\/mwo.aushang.info\/?s={search_term_string}\"},\"query-input\":\"required name=search_term_string\"}],\"inLanguage\":\"de\"},{\"@type\":\"Organization\",\"@id\":\"https:\/\/mwo.aushang.info\/#organization\",\"name\":\"WordPress-Website\",\"url\":\"https:\/\/mwo.aushang.info\/\",\"logo\":{\"@type\":\"ImageObject\",\"inLanguage\":\"de\",\"@id\":\"https:\/\/mwo.aushang.info\/#\/schema\/logo\/image\/\",\"url\":\"https:\/\/mwo.aushang.info\/wp-content\/uploads\/2024\/08\/cropped-cropped-cropped-logo-meisterwer-Oberberg.png\",\"contentUrl\":\"https:\/\/mwo.aushang.info\/wp-content\/uploads\/2024\/08\/cropped-cropped-cropped-logo-meisterwer-Oberberg.png\",\"width\":684,\"height\":120,\"caption\":\"WordPress-Website\"},\"image\":{\"@id\":\"https:\/\/mwo.aushang.info\/#\/schema\/logo\/image\/\"}}]}<\/script>\n<!-- \/ Yoast SEO plugin. -->","yoast_head_json":{"title":"Datenschutz - WordPress-Website","robots":{"index":"index","follow":"follow","max-snippet":"max-snippet:-1","max-image-preview":"max-image-preview:large","max-video-preview":"max-video-preview:-1"},"canonical":"https:\/\/mwo.aushang.info\/index.php\/datenschutz\/","og_locale":"de_DE","og_type":"article","og_title":"Datenschutz - WordPress-Website","og_description":"Name und Anschrift des Verantwortlichen Der Verantwortliche im Sinne der Datenschutz-Grundverordnung und anderer nationaler Datenschutzgesetze der Mitgliedsstaaten sowie sonstiger datenschutzrechtlicher weiterlesen...","og_url":"https:\/\/mwo.aushang.info\/index.php\/datenschutz\/","og_site_name":"WordPress-Website","article_modified_time":"2024-09-02T18:15:27+00:00","twitter_card":"summary_large_image","twitter_misc":{"Gesch\u00e4tzte Lesezeit":"4\u00a0Minuten"},"schema":{"@context":"https:\/\/schema.org","@graph":[{"@type":"WebPage","@id":"https:\/\/mwo.aushang.info\/index.php\/datenschutz\/","url":"https:\/\/mwo.aushang.info\/index.php\/datenschutz\/","name":"Datenschutz - WordPress-Website","isPartOf":{"@id":"https:\/\/mwo.aushang.info\/#website"},"datePublished":"2024-09-02T18:15:26+00:00","dateModified":"2024-09-02T18:15:27+00:00","breadcrumb":{"@id":"https:\/\/mwo.aushang.info\/index.php\/datenschutz\/#breadcrumb"},"inLanguage":"de","potentialAction":[{"@type":"ReadAction","target":["https:\/\/mwo.aushang.info\/index.php\/datenschutz\/"]}]},{"@type":"BreadcrumbList","@id":"https:\/\/mwo.aushang.info\/index.php\/datenschutz\/#breadcrumb","itemListElement":[{"@type":"ListItem","position":1,"name":"Startseite","item":"https:\/\/mwo.aushang.info\/"},{"@type":"ListItem","position":2,"name":"Datenschutz"}]},{"@type":"WebSite","@id":"https:\/\/mwo.aushang.info\/#website","url":"https:\/\/mwo.aushang.info\/","name":"WordPress-Website","description":"","publisher":{"@id":"https:\/\/mwo.aushang.info\/#organization"},"potentialAction":[{"@type":"SearchAction","target":{"@type":"EntryPoint","urlTemplate":"https:\/\/mwo.aushang.info\/?s={search_term_string}"},"query-input":"required name=search_term_string"}],"inLanguage":"de"},{"@type":"Organization","@id":"https:\/\/mwo.aushang.info\/#organization","name":"WordPress-Website","url":"https:\/\/mwo.aushang.info\/","logo":{"@type":"ImageObject","inLanguage":"de","@id":"https:\/\/mwo.aushang.info\/#\/schema\/logo\/image\/","url":"https:\/\/mwo.aushang.info\/wp-content\/uploads\/2024\/08\/cropped-cropped-cropped-logo-meisterwer-Oberberg.png","contentUrl":"https:\/\/mwo.aushang.info\/wp-content\/uploads\/2024\/08\/cropped-cropped-cropped-logo-meisterwer-Oberberg.png","width":684,"height":120,"caption":"WordPress-Website"},"image":{"@id":"https:\/\/mwo.aushang.info\/#\/schema\/logo\/image\/"}}]}},"_links":{"self":[{"href":"https:\/\/mwo.aushang.info\/index.php\/wp-json\/wp\/v2\/pages\/360","targetHints":{"allow":["GET"]}}],"collection":[{"href":"https:\/\/mwo.aushang.info\/index.php\/wp-json\/wp\/v2\/pages"}],"about":[{"href":"https:\/\/mwo.aushang.info\/index.php\/wp-json\/wp\/v2\/types\/page"}],"author":[{"embeddable":true,"href":"https:\/\/mwo.aushang.info\/index.php\/wp-json\/wp\/v2\/users\/1"}],"replies":[{"embeddable":true,"href":"https:\/\/mwo.aushang.info\/index.php\/wp-json\/wp\/v2\/comments?post=360"}],"version-history":[{"count":1,"href":"https:\/\/mwo.aushang.info\/index.php\/wp-json\/wp\/v2\/pages\/360\/revisions"}],"predecessor-version":[{"id":362,"href":"https:\/\/mwo.aushang.info\/index.php\/wp-json\/wp\/v2\/pages\/360\/revisions\/362"}],"wp:attachment":[{"href":"https:\/\/mwo.aushang.info\/index.php\/wp-json\/wp\/v2\/media?parent=360"}],"curies":[{"name":"wp","href":"https:\/\/api.w.org\/{rel}","templated":true}]}}